{"id":14468,"date":"2023-10-12T22:56:41","date_gmt":"2023-10-13T02:56:41","guid":{"rendered":"https:\/\/foodmetamorphosis.com\/?page_id=14468"},"modified":"2024-04-17T10:34:45","modified_gmt":"2024-04-17T14:34:45","slug":"indice-de-recetas","status":"publish","type":"page","link":"https:\/\/foodmetamorphosis.com\/es\/indice-de-recetas\/","title":{"rendered":"Recetas"},"content":{"rendered":"\n<div class=\"wp-block-group\"><div class=\"wp-block-group__inner-container is-layout-constrained wp-block-group-is-layout-constrained\">\n<p class=\"has-text-align-center\">\u00a1Explora todas las recetas! Aqu\u00ed encontrar\u00e1 recetas que se pueden preparar r\u00e1pidamente y que son deliciosas.<\/p>\n\n\n<form role=\"search\" method=\"get\" action=\"https:\/\/foodmetamorphosis.com\/es\/\" class=\"wp-block-search__no-button wp-block-search\"    ><label class=\"wp-block-search__label screen-reader-text\" for=\"wp-block-search__input-1\" >Search<\/label><div class=\"wp-block-search__inside-wrapper\"  style=\"width: 720px\"><input class=\"wp-block-search__input\" id=\"wp-block-search__input-1\" placeholder=\"Search for a recipe + hit enter\" value=\"\" type=\"search\" name=\"s\" required \/><\/div><\/form>\n\n\n<p><\/p>\n\n\n<div class='feast-category-index '  ><ul class='feast-category-index-list feast-grid-third feast-desktop-grid-third feast-image-round'  ><li><a href='https:\/\/foodmetamorphosis.com\/es\/plato-principal\/'><img decoding=\"async\" fetchpriority=\"high\" width=\"200\" height=\"300\" src=\"https:\/\/foodmetamorphosis.com\/wp-content\/uploads\/2023\/01\/puerto-rican-carne-guisada-close-up-200x300.jpg\" class=\"feast-image-round feast-square-image\" alt=\"\" data-pin-nopin=\"true\" aria-hidden=\"true\" srcset=\"https:\/\/foodmetamorphosis.com\/wp-content\/uploads\/2023\/01\/puerto-rican-carne-guisada-close-up-200x300.jpg 200w, https:\/\/foodmetamorphosis.com\/wp-content\/uploads\/2023\/01\/puerto-rican-carne-guisada-close-up-683x1024.jpg 683w, https:\/\/foodmetamorphosis.com\/wp-content\/uploads\/2023\/01\/puerto-rican-carne-guisada-close-up-768x1152.jpg 768w, https:\/\/foodmetamorphosis.com\/wp-content\/uploads\/2023\/01\/puerto-rican-carne-guisada-close-up-1024x1536.jpg 1024w, https:\/\/foodmetamorphosis.com\/wp-content\/uploads\/2023\/01\/puerto-rican-carne-guisada-close-up.jpg 1200w\" sizes=\"(max-width: 200px) 100vw, 200px\" \/><div class='fsci-title' >Plato Principal<\/div><\/a><\/li><li><a href='https:\/\/foodmetamorphosis.com\/es\/acompanantes\/'><img decoding=\"async\" width=\"200\" height=\"300\" src=\"https:\/\/foodmetamorphosis.com\/wp-content\/uploads\/2023\/09\/arroz-con-gandules-200x300.jpg\" class=\"feast-image-round feast-square-image\" alt=\"\" data-pin-nopin=\"true\" aria-hidden=\"true\" srcset=\"https:\/\/foodmetamorphosis.com\/wp-content\/uploads\/2023\/09\/arroz-con-gandules-200x300.jpg 200w, https:\/\/foodmetamorphosis.com\/wp-content\/uploads\/2023\/09\/arroz-con-gandules-683x1024.jpg 683w, https:\/\/foodmetamorphosis.com\/wp-content\/uploads\/2023\/09\/arroz-con-gandules-768x1152.jpg 768w, https:\/\/foodmetamorphosis.com\/wp-content\/uploads\/2023\/09\/arroz-con-gandules-1024x1536.jpg 1024w, https:\/\/foodmetamorphosis.com\/wp-content\/uploads\/2023\/09\/arroz-con-gandules-150x225.jpg 150w, https:\/\/foodmetamorphosis.com\/wp-content\/uploads\/2023\/09\/arroz-con-gandules.jpg 1200w\" sizes=\"(max-width: 200px) 100vw, 200px\" \/><div class='fsci-title' >Acompa\u00f1antes<\/div><\/a><\/li><li><a href='https:\/\/foodmetamorphosis.com\/es\/sopas\/'><img decoding=\"async\" width=\"200\" height=\"300\" src=\"https:\/\/foodmetamorphosis.com\/wp-content\/uploads\/2022\/09\/sopa-de-camarones-shrimp-soup-200x300.jpg\" class=\"feast-image-round feast-square-image\" alt=\"\" data-pin-nopin=\"true\" aria-hidden=\"true\" srcset=\"https:\/\/foodmetamorphosis.com\/wp-content\/uploads\/2022\/09\/sopa-de-camarones-shrimp-soup-200x300.jpg 200w, https:\/\/foodmetamorphosis.com\/wp-content\/uploads\/2022\/09\/sopa-de-camarones-shrimp-soup-683x1024.jpg 683w, https:\/\/foodmetamorphosis.com\/wp-content\/uploads\/2022\/09\/sopa-de-camarones-shrimp-soup-768x1152.jpg 768w, https:\/\/foodmetamorphosis.com\/wp-content\/uploads\/2022\/09\/sopa-de-camarones-shrimp-soup-1024x1536.jpg 1024w, https:\/\/foodmetamorphosis.com\/wp-content\/uploads\/2022\/09\/sopa-de-camarones-shrimp-soup.jpg 1200w\" sizes=\"(max-width: 200px) 100vw, 200px\" \/><div class='fsci-title' >Sopas<\/div><\/a><\/li><\/ul><\/div>\n\n<div class='feast-category-index '  ><ul class='feast-category-index-list feast-grid-third feast-desktop-grid-third feast-image-round'  ><li><a href='https:\/\/foodmetamorphosis.com\/es\/recetas-latinas\/'><img decoding=\"async\" width=\"200\" height=\"300\" src=\"https:\/\/foodmetamorphosis.com\/wp-content\/uploads\/2022\/10\/rice-and-beans-arroz-con-habichuelas-200x300.jpg\" class=\"feast-image-round feast-square-image\" alt=\"\" data-pin-nopin=\"true\" aria-hidden=\"true\" srcset=\"https:\/\/foodmetamorphosis.com\/wp-content\/uploads\/2022\/10\/rice-and-beans-arroz-con-habichuelas-200x300.jpg 200w, https:\/\/foodmetamorphosis.com\/wp-content\/uploads\/2022\/10\/rice-and-beans-arroz-con-habichuelas-683x1024.jpg 683w, https:\/\/foodmetamorphosis.com\/wp-content\/uploads\/2022\/10\/rice-and-beans-arroz-con-habichuelas-768x1152.jpg 768w, https:\/\/foodmetamorphosis.com\/wp-content\/uploads\/2022\/10\/rice-and-beans-arroz-con-habichuelas-1024x1536.jpg 1024w, https:\/\/foodmetamorphosis.com\/wp-content\/uploads\/2022\/10\/rice-and-beans-arroz-con-habichuelas.jpg 1200w\" sizes=\"(max-width: 200px) 100vw, 200px\" \/><div class='fsci-title' >Recetas Latinas<\/div><\/a><\/li><li><a href='https:\/\/foodmetamorphosis.com\/es\/postres\/'><img decoding=\"async\" width=\"200\" height=\"300\" src=\"https:\/\/foodmetamorphosis.com\/wp-content\/uploads\/2023\/05\/lemon-tres-leches-200x300.jpg\" class=\"feast-image-round feast-square-image\" alt=\"\" data-pin-nopin=\"true\" aria-hidden=\"true\" srcset=\"https:\/\/foodmetamorphosis.com\/wp-content\/uploads\/2023\/05\/lemon-tres-leches-200x300.jpg 200w, https:\/\/foodmetamorphosis.com\/wp-content\/uploads\/2023\/05\/lemon-tres-leches-683x1024.jpg 683w, https:\/\/foodmetamorphosis.com\/wp-content\/uploads\/2023\/05\/lemon-tres-leches-768x1152.jpg 768w, https:\/\/foodmetamorphosis.com\/wp-content\/uploads\/2023\/05\/lemon-tres-leches-1024x1536.jpg 1024w, https:\/\/foodmetamorphosis.com\/wp-content\/uploads\/2023\/05\/lemon-tres-leches.jpg 1200w\" sizes=\"(max-width: 200px) 100vw, 200px\" \/><div class='fsci-title' >Postres<\/div><\/a><\/li><li><a href='https:\/\/foodmetamorphosis.com\/es\/bebidas\/'><img decoding=\"async\" width=\"200\" height=\"300\" src=\"https:\/\/foodmetamorphosis.com\/wp-content\/uploads\/2023\/01\/pina-colada-mocktail-1-200x300.jpg\" class=\"feast-image-round feast-square-image\" alt=\"\" data-pin-nopin=\"true\" aria-hidden=\"true\" srcset=\"https:\/\/foodmetamorphosis.com\/wp-content\/uploads\/2023\/01\/pina-colada-mocktail-1-200x300.jpg 200w, https:\/\/foodmetamorphosis.com\/wp-content\/uploads\/2023\/01\/pina-colada-mocktail-1-683x1024.jpg 683w, https:\/\/foodmetamorphosis.com\/wp-content\/uploads\/2023\/01\/pina-colada-mocktail-1-768x1152.jpg 768w, https:\/\/foodmetamorphosis.com\/wp-content\/uploads\/2023\/01\/pina-colada-mocktail-1-1024x1536.jpg 1024w, https:\/\/foodmetamorphosis.com\/wp-content\/uploads\/2023\/01\/pina-colada-mocktail-1.jpg 1200w\" sizes=\"(max-width: 200px) 100vw, 200px\" \/><div class='fsci-title' >Bebidas<\/div><\/a><\/li><\/ul><\/div>\n\n<div class='feast-category-index '  ><ul class='feast-category-index-list feast-grid-third feast-desktop-grid-third feast-image-round'  ><li><a href='https:\/\/foodmetamorphosis.com\/es\/recetas\/'><img decoding=\"async\" width=\"200\" height=\"300\" src=\"https:\/\/foodmetamorphosis.com\/wp-content\/uploads\/2023\/10\/logo-1000x1000-1-200x300.jpg\" class=\"feast-image-round feast-square-image\" alt=\"\" data-pin-nopin=\"true\" aria-hidden=\"true\" srcset=\"https:\/\/foodmetamorphosis.com\/wp-content\/uploads\/2023\/10\/logo-1000x1000-1-200x300.jpg 200w, https:\/\/foodmetamorphosis.com\/wp-content\/uploads\/2023\/10\/logo-1000x1000-1-683x1024.jpg 683w, https:\/\/foodmetamorphosis.com\/wp-content\/uploads\/2023\/10\/logo-1000x1000-1-768x1152.jpg 768w, https:\/\/foodmetamorphosis.com\/wp-content\/uploads\/2023\/10\/logo-1000x1000-1-1024x1536.jpg 1024w, https:\/\/foodmetamorphosis.com\/wp-content\/uploads\/2023\/10\/logo-1000x1000-1-720x1080.jpg 720w, https:\/\/foodmetamorphosis.com\/wp-content\/uploads\/2023\/10\/logo-1000x1000-1-360x540.jpg 360w, https:\/\/foodmetamorphosis.com\/wp-content\/uploads\/2023\/10\/logo-1000x1000-1-180x270.jpg 180w, https:\/\/foodmetamorphosis.com\/wp-content\/uploads\/2023\/10\/logo-1000x1000-1-150x225.jpg 150w, https:\/\/foodmetamorphosis.com\/wp-content\/uploads\/2023\/10\/logo-1000x1000-1.jpg 1200w\" sizes=\"(max-width: 200px) 100vw, 200px\" \/><div class='fsci-title' >Todas las Recetas<\/div><\/a><\/li><\/ul><\/div>\n\n\n<p><\/p>\n<\/div><\/div>\n","protected":false},"excerpt":{"rendered":"<p>\u00a1Explora todas las recetas! Aqu\u00ed encontrar\u00e1 recetas que se pueden preparar r\u00e1pidamente y que son deliciosas.<\/p>\n","protected":false},"author":1,"featured_media":0,"parent":0,"menu_order":0,"comment_status":"closed","ping_status":"closed","template":"","meta":{"limit_modified_date":"","last_modified_date":"","wprm-recipe-roundup-name":"","wprm-recipe-roundup-description":"","_monsterinsights_skip_tracking":false,"_monsterinsights_sitenote_active":false,"_monsterinsights_sitenote_note":"","_monsterinsights_sitenote_category":0,"_genesis_hide_title":false,"_genesis_hide_breadcrumbs":false,"_genesis_hide_singular_image":false,"_genesis_hide_footer_widgets":false,"_genesis_custom_body_class":"","_genesis_custom_post_class":"","_genesis_layout":"","footnotes":""},"categories":[],"tags":[],"class_list":{"0":"post-14468","1":"page","2":"type-page","3":"status-publish","5":"entry"},"yoast_head":"<!-- This site is optimized with the Yoast SEO plugin v27.5 - https:\/\/yoast.com\/product\/yoast-seo-wordpress\/ -->\n<title>Recetas Puertorrique\u00f1as y Latinas- Lista Completa - Food Metamorphosis<\/title>\n<meta name=\"description\" content=\"Coleccion completa de las recetas aqui en Food Metamorphosis. Mayormente recetas Latino Americanas y Puertorrique\u00f1as y varias no Latinas.\" \/>\n<meta name=\"robots\" content=\"index, follow, max-snippet:-1, max-image-preview:large, max-video-preview:-1\" \/>\n<link rel=\"canonical\" href=\"https:\/\/foodmetamorphosis.com\/es\/indice-de-recetas\/\" \/>\n<meta name=\"twitter:card\" content=\"summary_large_image\" \/>\n<meta name=\"twitter:title\" content=\"Recetas Puertorrique\u00f1as y Latinas- Lista Completa - Food Metamorphosis\" \/>\n<meta name=\"twitter:description\" content=\"Coleccion completa de las recetas aqui en Food Metamorphosis. Mayormente recetas Latino Americanas y Puertorrique\u00f1as y varias no Latinas.\" \/>\n<meta name=\"twitter:label1\" content=\"Tiempo de lectura\" \/>\n\t<meta name=\"twitter:data1\" content=\"1 minuto\" \/>\n<script type=\"application\/ld+json\" class=\"yoast-schema-graph\">{\"@context\":\"https:\\\/\\\/schema.org\",\"@graph\":[{\"@type\":\"WebPage\",\"@id\":\"https:\\\/\\\/foodmetamorphosis.com\\\/es\\\/indice-de-recetas\\\/\",\"url\":\"https:\\\/\\\/foodmetamorphosis.com\\\/es\\\/indice-de-recetas\\\/\",\"name\":\"Recetas Puertorrique\u00f1as y Latinas- Lista Completa - Food Metamorphosis\",\"isPartOf\":{\"@id\":\"https:\\\/\\\/foodmetamorphosis.com\\\/es\\\/#website\"},\"datePublished\":\"2023-10-13T02:56:41+00:00\",\"dateModified\":\"2024-04-17T14:34:45+00:00\",\"description\":\"Coleccion completa de las recetas aqui en Food Metamorphosis. Mayormente recetas Latino Americanas y Puertorrique\u00f1as y varias no Latinas.\",\"breadcrumb\":{\"@id\":\"https:\\\/\\\/foodmetamorphosis.com\\\/es\\\/indice-de-recetas\\\/#breadcrumb\"},\"inLanguage\":\"es\",\"potentialAction\":[{\"@type\":\"ReadAction\",\"target\":[\"https:\\\/\\\/foodmetamorphosis.com\\\/es\\\/indice-de-recetas\\\/\"]}]},{\"@type\":\"BreadcrumbList\",\"@id\":\"https:\\\/\\\/foodmetamorphosis.com\\\/es\\\/indice-de-recetas\\\/#breadcrumb\",\"itemListElement\":[{\"@type\":\"ListItem\",\"position\":1,\"name\":\"Home\",\"item\":\"https:\\\/\\\/foodmetamorphosis.com\\\/es\\\/\"},{\"@type\":\"ListItem\",\"position\":2,\"name\":\"Recetas\"}]},{\"@type\":\"WebSite\",\"@id\":\"https:\\\/\\\/foodmetamorphosis.com\\\/es\\\/#website\",\"url\":\"https:\\\/\\\/foodmetamorphosis.com\\\/es\\\/\",\"name\":\"Food Metamorphosis\",\"description\":\"Puerto Rican and Latin American Recipes- Food Metamorphosis\",\"publisher\":{\"@id\":\"https:\\\/\\\/foodmetamorphosis.com\\\/es\\\/#organization\"},\"potentialAction\":[{\"@type\":\"SearchAction\",\"target\":{\"@type\":\"EntryPoint\",\"urlTemplate\":\"https:\\\/\\\/foodmetamorphosis.com\\\/es\\\/?s={search_term_string}\"},\"query-input\":{\"@type\":\"PropertyValueSpecification\",\"valueRequired\":true,\"valueName\":\"search_term_string\"}}],\"inLanguage\":\"es\"},{\"@type\":\"Organization\",\"@id\":\"https:\\\/\\\/foodmetamorphosis.com\\\/es\\\/#organization\",\"name\":\"Foodmetamorphosis.com\",\"url\":\"https:\\\/\\\/foodmetamorphosis.com\\\/es\\\/\",\"logo\":{\"@type\":\"ImageObject\",\"inLanguage\":\"es\",\"@id\":\"https:\\\/\\\/foodmetamorphosis.com\\\/es\\\/#\\\/schema\\\/logo\\\/image\\\/\",\"url\":\"https:\\\/\\\/foodmetamorphosis.com\\\/wp-content\\\/uploads\\\/2022\\\/05\\\/organization-logo.jpg\",\"contentUrl\":\"https:\\\/\\\/foodmetamorphosis.com\\\/wp-content\\\/uploads\\\/2022\\\/05\\\/organization-logo.jpg\",\"width\":973,\"height\":973,\"caption\":\"Foodmetamorphosis.com\"},\"image\":{\"@id\":\"https:\\\/\\\/foodmetamorphosis.com\\\/es\\\/#\\\/schema\\\/logo\\\/image\\\/\"},\"sameAs\":[\"https:\\\/\\\/www.youtube.com\\\/@foodmetamorphosis\\\/featured\",\"https:\\\/\\\/www.instagram.com\\\/foodmetamorphosis\\\/\",\"https:\\\/\\\/www.pinterest.com\\\/foodmetamorphosis\\\/\"]}]}<\/script>\n<!-- \/ Yoast SEO plugin. -->","yoast_head_json":{"title":"Recetas Puertorrique\u00f1as y Latinas- Lista Completa - Food Metamorphosis","description":"Coleccion completa de las recetas aqui en Food Metamorphosis. Mayormente recetas Latino Americanas y Puertorrique\u00f1as y varias no Latinas.","robots":{"index":"index","follow":"follow","max-snippet":"max-snippet:-1","max-image-preview":"max-image-preview:large","max-video-preview":"max-video-preview:-1"},"canonical":"https:\/\/foodmetamorphosis.com\/es\/indice-de-recetas\/","twitter_card":"summary_large_image","twitter_title":"Recetas Puertorrique\u00f1as y Latinas- Lista Completa - Food Metamorphosis","twitter_description":"Coleccion completa de las recetas aqui en Food Metamorphosis. Mayormente recetas Latino Americanas y Puertorrique\u00f1as y varias no Latinas.","twitter_misc":{"Tiempo de lectura":"1 minuto"},"schema":{"@context":"https:\/\/schema.org","@graph":[{"@type":"WebPage","@id":"https:\/\/foodmetamorphosis.com\/es\/indice-de-recetas\/","url":"https:\/\/foodmetamorphosis.com\/es\/indice-de-recetas\/","name":"Recetas Puertorrique\u00f1as y Latinas- Lista Completa - Food Metamorphosis","isPartOf":{"@id":"https:\/\/foodmetamorphosis.com\/es\/#website"},"datePublished":"2023-10-13T02:56:41+00:00","dateModified":"2024-04-17T14:34:45+00:00","description":"Coleccion completa de las recetas aqui en Food Metamorphosis. Mayormente recetas Latino Americanas y Puertorrique\u00f1as y varias no Latinas.","breadcrumb":{"@id":"https:\/\/foodmetamorphosis.com\/es\/indice-de-recetas\/#breadcrumb"},"inLanguage":"es","potentialAction":[{"@type":"ReadAction","target":["https:\/\/foodmetamorphosis.com\/es\/indice-de-recetas\/"]}]},{"@type":"BreadcrumbList","@id":"https:\/\/foodmetamorphosis.com\/es\/indice-de-recetas\/#breadcrumb","itemListElement":[{"@type":"ListItem","position":1,"name":"Home","item":"https:\/\/foodmetamorphosis.com\/es\/"},{"@type":"ListItem","position":2,"name":"Recetas"}]},{"@type":"WebSite","@id":"https:\/\/foodmetamorphosis.com\/es\/#website","url":"https:\/\/foodmetamorphosis.com\/es\/","name":"Food Metamorphosis","description":"Puerto Rican and Latin American Recipes- Food Metamorphosis","publisher":{"@id":"https:\/\/foodmetamorphosis.com\/es\/#organization"},"potentialAction":[{"@type":"SearchAction","target":{"@type":"EntryPoint","urlTemplate":"https:\/\/foodmetamorphosis.com\/es\/?s={search_term_string}"},"query-input":{"@type":"PropertyValueSpecification","valueRequired":true,"valueName":"search_term_string"}}],"inLanguage":"es"},{"@type":"Organization","@id":"https:\/\/foodmetamorphosis.com\/es\/#organization","name":"Foodmetamorphosis.com","url":"https:\/\/foodmetamorphosis.com\/es\/","logo":{"@type":"ImageObject","inLanguage":"es","@id":"https:\/\/foodmetamorphosis.com\/es\/#\/schema\/logo\/image\/","url":"https:\/\/foodmetamorphosis.com\/wp-content\/uploads\/2022\/05\/organization-logo.jpg","contentUrl":"https:\/\/foodmetamorphosis.com\/wp-content\/uploads\/2022\/05\/organization-logo.jpg","width":973,"height":973,"caption":"Foodmetamorphosis.com"},"image":{"@id":"https:\/\/foodmetamorphosis.com\/es\/#\/schema\/logo\/image\/"},"sameAs":["https:\/\/www.youtube.com\/@foodmetamorphosis\/featured","https:\/\/www.instagram.com\/foodmetamorphosis\/","https:\/\/www.pinterest.com\/foodmetamorphosis\/"]}]}},"_links":{"self":[{"href":"https:\/\/foodmetamorphosis.com\/es\/wp-json\/wp\/v2\/pages\/14468","targetHints":{"allow":["GET"]}}],"collection":[{"href":"https:\/\/foodmetamorphosis.com\/es\/wp-json\/wp\/v2\/pages"}],"about":[{"href":"https:\/\/foodmetamorphosis.com\/es\/wp-json\/wp\/v2\/types\/page"}],"author":[{"embeddable":true,"href":"https:\/\/foodmetamorphosis.com\/es\/wp-json\/wp\/v2\/users\/1"}],"replies":[{"embeddable":true,"href":"https:\/\/foodmetamorphosis.com\/es\/wp-json\/wp\/v2\/comments?post=14468"}],"version-history":[{"count":5,"href":"https:\/\/foodmetamorphosis.com\/es\/wp-json\/wp\/v2\/pages\/14468\/revisions"}],"predecessor-version":[{"id":17998,"href":"https:\/\/foodmetamorphosis.com\/es\/wp-json\/wp\/v2\/pages\/14468\/revisions\/17998"}],"wp:attachment":[{"href":"https:\/\/foodmetamorphosis.com\/es\/wp-json\/wp\/v2\/media?parent=14468"}],"wp:term":[{"taxonomy":"category","embeddable":true,"href":"https:\/\/foodmetamorphosis.com\/es\/wp-json\/wp\/v2\/categories?post=14468"},{"taxonomy":"post_tag","embeddable":true,"href":"https:\/\/foodmetamorphosis.com\/es\/wp-json\/wp\/v2\/tags?post=14468"}],"curies":[{"name":"wp","href":"https:\/\/api.w.org\/{rel}","templated":true}]}}