{"id":16681,"date":"2024-02-25T10:40:29","date_gmt":"2024-02-25T15:40:29","guid":{"rendered":"https:\/\/foodmetamorphosis.com\/?page_id=16681"},"modified":"2024-02-25T10:40:30","modified_gmt":"2024-02-25T15:40:30","slug":"declaracion-de-accesibilidad","status":"publish","type":"page","link":"https:\/\/foodmetamorphosis.com\/es\/declaracion-de-accesibilidad\/","title":{"rendered":"Declaraci\u00f3n de Accesibilidad"},"content":{"rendered":"\n<p><strong>Food Metamorfosis <\/strong>se dedica a proporcionar contenido que sea accesible a la audiencia m\u00e1s amplia posible, independientemente de su tecnolog\u00eda o capacidad.<\/p>\n\n\n\n<h3 class=\"wp-block-heading\"><strong>Estado de conformidad<\/strong><\/h3>\n\n\n\n<p>La <a href=\"https:\/\/www.w3.org\/WAI\/fundamentals\/es\">Guia de accesibilidad al contenido web (WCAG)<\/a> define los requisitos para que los dise\u00f1adores y desarrolladores mejoren la accesibilidad para las personas con discapacidades. Define tres niveles de conformidad: Nivel A, Nivel AA y Nivel AAA. En Food Metamorphosis nos esforzamos por garantizar que nuestro sitio web cumpla con las WCAG 2.1 nivel AA.<\/p>\n\n\n\n<h3 class=\"wp-block-heading\"><strong>Descargo de responsabilidad<\/strong><\/h3>\n\n\n\n<p><strong>Food Metamorphosis <\/strong>sigue dedicado a mejorar la accesibilidad de su sitio web y sus servicios, guiado por el principio de garantizar un uso fluido, accesible y sin obst\u00e1culos para las personas con discapacidades. A pesar de nuestros esfuerzos diligentes para cumplir con todos los est\u00e1ndares de accesibilidad mencionados en esta declaraci\u00f3n, pueden existir ciertas limitaciones.<\/p>\n\n\n\n<h3 class=\"wp-block-heading\"><strong>Cont\u00e1ctenos<\/strong><\/h3>\n\n\n\n<p>Los sitios web est\u00e1n evolucionando continuamente y nuestro compromiso de mejorar la accesibilidad es continuo. Si tiene alguna pregunta, comentario o inquietud sobre la accesibilidad, comun\u00edquese con nosotros a hello@foodmetamorphosis.com<\/p>\n","protected":false},"excerpt":{"rendered":"<p>Food Metamorfosis se dedica a proporcionar contenido que sea accesible a la audiencia m\u00e1s amplia posible, independientemente de su tecnolog\u00eda o capacidad. Estado de conformidad La Guia de accesibilidad al contenido web (WCAG) define los requisitos para que los dise\u00f1adores y desarrolladores mejoren la accesibilidad para las personas con discapacidades. Define tres niveles de conformidad:&#8230;<\/p>\n<p><a class=\"more-link\" href=\"https:\/\/foodmetamorphosis.com\/es\/declaracion-de-accesibilidad\/\">Read On &rarr;<\/a><\/p>\n","protected":false},"author":1,"featured_media":0,"parent":0,"menu_order":0,"comment_status":"closed","ping_status":"closed","template":"","meta":{"limit_modified_date":"","last_modified_date":"","wprm-recipe-roundup-name":"","wprm-recipe-roundup-description":"","_monsterinsights_skip_tracking":false,"_monsterinsights_sitenote_active":false,"_monsterinsights_sitenote_note":"","_monsterinsights_sitenote_category":0,"_genesis_hide_title":false,"_genesis_hide_breadcrumbs":false,"_genesis_hide_singular_image":false,"_genesis_hide_footer_widgets":false,"_genesis_custom_body_class":"","_genesis_custom_post_class":"","_genesis_layout":"","footnotes":""},"categories":[],"tags":[],"class_list":{"0":"post-16681","1":"page","2":"type-page","3":"status-publish","5":"entry"},"yoast_head":"<!-- This site is optimized with the Yoast SEO plugin v27.5 - https:\/\/yoast.com\/product\/yoast-seo-wordpress\/ -->\n<title>Declaraci\u00f3n de Accesibilidad - Food Metamorphosis<\/title>\n<meta name=\"description\" content=\"Declaracion de accesibilidad de Food Metamorphosis.\" \/>\n<meta name=\"robots\" content=\"index, follow, max-snippet:-1, max-image-preview:large, max-video-preview:-1\" \/>\n<link rel=\"canonical\" href=\"https:\/\/foodmetamorphosis.com\/es\/declaracion-de-accesibilidad\/\" \/>\n<meta name=\"twitter:card\" content=\"summary_large_image\" \/>\n<meta name=\"twitter:title\" content=\"Declaraci\u00f3n de Accesibilidad - Food Metamorphosis\" \/>\n<meta name=\"twitter:description\" content=\"Declaracion de accesibilidad de Food Metamorphosis.\" \/>\n<meta name=\"twitter:label1\" content=\"Tiempo de lectura\" \/>\n\t<meta name=\"twitter:data1\" content=\"1 minuto\" \/>\n<script type=\"application\/ld+json\" class=\"yoast-schema-graph\">{\"@context\":\"https:\\\/\\\/schema.org\",\"@graph\":[{\"@type\":\"WebPage\",\"@id\":\"https:\\\/\\\/foodmetamorphosis.com\\\/es\\\/declaracion-de-accesibilidad\\\/\",\"url\":\"https:\\\/\\\/foodmetamorphosis.com\\\/es\\\/declaracion-de-accesibilidad\\\/\",\"name\":\"Declaraci\u00f3n de Accesibilidad - Food Metamorphosis\",\"isPartOf\":{\"@id\":\"https:\\\/\\\/foodmetamorphosis.com\\\/es\\\/#website\"},\"datePublished\":\"2024-02-25T15:40:29+00:00\",\"dateModified\":\"2024-02-25T15:40:30+00:00\",\"description\":\"Declaracion de accesibilidad de Food Metamorphosis.\",\"breadcrumb\":{\"@id\":\"https:\\\/\\\/foodmetamorphosis.com\\\/es\\\/declaracion-de-accesibilidad\\\/#breadcrumb\"},\"inLanguage\":\"es\",\"potentialAction\":[{\"@type\":\"ReadAction\",\"target\":[\"https:\\\/\\\/foodmetamorphosis.com\\\/es\\\/declaracion-de-accesibilidad\\\/\"]}]},{\"@type\":\"BreadcrumbList\",\"@id\":\"https:\\\/\\\/foodmetamorphosis.com\\\/es\\\/declaracion-de-accesibilidad\\\/#breadcrumb\",\"itemListElement\":[{\"@type\":\"ListItem\",\"position\":1,\"name\":\"Home\",\"item\":\"https:\\\/\\\/foodmetamorphosis.com\\\/es\\\/\"},{\"@type\":\"ListItem\",\"position\":2,\"name\":\"Declaraci\u00f3n de Accesibilidad\"}]},{\"@type\":\"WebSite\",\"@id\":\"https:\\\/\\\/foodmetamorphosis.com\\\/es\\\/#website\",\"url\":\"https:\\\/\\\/foodmetamorphosis.com\\\/es\\\/\",\"name\":\"Food Metamorphosis\",\"description\":\"Puerto Rican and Latin American Recipes- Food Metamorphosis\",\"publisher\":{\"@id\":\"https:\\\/\\\/foodmetamorphosis.com\\\/es\\\/#organization\"},\"potentialAction\":[{\"@type\":\"SearchAction\",\"target\":{\"@type\":\"EntryPoint\",\"urlTemplate\":\"https:\\\/\\\/foodmetamorphosis.com\\\/es\\\/?s={search_term_string}\"},\"query-input\":{\"@type\":\"PropertyValueSpecification\",\"valueRequired\":true,\"valueName\":\"search_term_string\"}}],\"inLanguage\":\"es\"},{\"@type\":\"Organization\",\"@id\":\"https:\\\/\\\/foodmetamorphosis.com\\\/es\\\/#organization\",\"name\":\"Foodmetamorphosis.com\",\"url\":\"https:\\\/\\\/foodmetamorphosis.com\\\/es\\\/\",\"logo\":{\"@type\":\"ImageObject\",\"inLanguage\":\"es\",\"@id\":\"https:\\\/\\\/foodmetamorphosis.com\\\/es\\\/#\\\/schema\\\/logo\\\/image\\\/\",\"url\":\"https:\\\/\\\/foodmetamorphosis.com\\\/wp-content\\\/uploads\\\/2022\\\/05\\\/organization-logo.jpg\",\"contentUrl\":\"https:\\\/\\\/foodmetamorphosis.com\\\/wp-content\\\/uploads\\\/2022\\\/05\\\/organization-logo.jpg\",\"width\":973,\"height\":973,\"caption\":\"Foodmetamorphosis.com\"},\"image\":{\"@id\":\"https:\\\/\\\/foodmetamorphosis.com\\\/es\\\/#\\\/schema\\\/logo\\\/image\\\/\"},\"sameAs\":[\"https:\\\/\\\/www.youtube.com\\\/@foodmetamorphosis\\\/featured\",\"https:\\\/\\\/www.instagram.com\\\/foodmetamorphosis\\\/\",\"https:\\\/\\\/www.pinterest.com\\\/foodmetamorphosis\\\/\"]}]}<\/script>\n<!-- \/ Yoast SEO plugin. -->","yoast_head_json":{"title":"Declaraci\u00f3n de Accesibilidad - Food Metamorphosis","description":"Declaracion de accesibilidad de Food Metamorphosis.","robots":{"index":"index","follow":"follow","max-snippet":"max-snippet:-1","max-image-preview":"max-image-preview:large","max-video-preview":"max-video-preview:-1"},"canonical":"https:\/\/foodmetamorphosis.com\/es\/declaracion-de-accesibilidad\/","twitter_card":"summary_large_image","twitter_title":"Declaraci\u00f3n de Accesibilidad - Food Metamorphosis","twitter_description":"Declaracion de accesibilidad de Food Metamorphosis.","twitter_misc":{"Tiempo de lectura":"1 minuto"},"schema":{"@context":"https:\/\/schema.org","@graph":[{"@type":"WebPage","@id":"https:\/\/foodmetamorphosis.com\/es\/declaracion-de-accesibilidad\/","url":"https:\/\/foodmetamorphosis.com\/es\/declaracion-de-accesibilidad\/","name":"Declaraci\u00f3n de Accesibilidad - Food Metamorphosis","isPartOf":{"@id":"https:\/\/foodmetamorphosis.com\/es\/#website"},"datePublished":"2024-02-25T15:40:29+00:00","dateModified":"2024-02-25T15:40:30+00:00","description":"Declaracion de accesibilidad de Food Metamorphosis.","breadcrumb":{"@id":"https:\/\/foodmetamorphosis.com\/es\/declaracion-de-accesibilidad\/#breadcrumb"},"inLanguage":"es","potentialAction":[{"@type":"ReadAction","target":["https:\/\/foodmetamorphosis.com\/es\/declaracion-de-accesibilidad\/"]}]},{"@type":"BreadcrumbList","@id":"https:\/\/foodmetamorphosis.com\/es\/declaracion-de-accesibilidad\/#breadcrumb","itemListElement":[{"@type":"ListItem","position":1,"name":"Home","item":"https:\/\/foodmetamorphosis.com\/es\/"},{"@type":"ListItem","position":2,"name":"Declaraci\u00f3n de Accesibilidad"}]},{"@type":"WebSite","@id":"https:\/\/foodmetamorphosis.com\/es\/#website","url":"https:\/\/foodmetamorphosis.com\/es\/","name":"Food Metamorphosis","description":"Puerto Rican and Latin American Recipes- Food Metamorphosis","publisher":{"@id":"https:\/\/foodmetamorphosis.com\/es\/#organization"},"potentialAction":[{"@type":"SearchAction","target":{"@type":"EntryPoint","urlTemplate":"https:\/\/foodmetamorphosis.com\/es\/?s={search_term_string}"},"query-input":{"@type":"PropertyValueSpecification","valueRequired":true,"valueName":"search_term_string"}}],"inLanguage":"es"},{"@type":"Organization","@id":"https:\/\/foodmetamorphosis.com\/es\/#organization","name":"Foodmetamorphosis.com","url":"https:\/\/foodmetamorphosis.com\/es\/","logo":{"@type":"ImageObject","inLanguage":"es","@id":"https:\/\/foodmetamorphosis.com\/es\/#\/schema\/logo\/image\/","url":"https:\/\/foodmetamorphosis.com\/wp-content\/uploads\/2022\/05\/organization-logo.jpg","contentUrl":"https:\/\/foodmetamorphosis.com\/wp-content\/uploads\/2022\/05\/organization-logo.jpg","width":973,"height":973,"caption":"Foodmetamorphosis.com"},"image":{"@id":"https:\/\/foodmetamorphosis.com\/es\/#\/schema\/logo\/image\/"},"sameAs":["https:\/\/www.youtube.com\/@foodmetamorphosis\/featured","https:\/\/www.instagram.com\/foodmetamorphosis\/","https:\/\/www.pinterest.com\/foodmetamorphosis\/"]}]}},"_links":{"self":[{"href":"https:\/\/foodmetamorphosis.com\/es\/wp-json\/wp\/v2\/pages\/16681","targetHints":{"allow":["GET"]}}],"collection":[{"href":"https:\/\/foodmetamorphosis.com\/es\/wp-json\/wp\/v2\/pages"}],"about":[{"href":"https:\/\/foodmetamorphosis.com\/es\/wp-json\/wp\/v2\/types\/page"}],"author":[{"embeddable":true,"href":"https:\/\/foodmetamorphosis.com\/es\/wp-json\/wp\/v2\/users\/1"}],"replies":[{"embeddable":true,"href":"https:\/\/foodmetamorphosis.com\/es\/wp-json\/wp\/v2\/comments?post=16681"}],"version-history":[{"count":1,"href":"https:\/\/foodmetamorphosis.com\/es\/wp-json\/wp\/v2\/pages\/16681\/revisions"}],"predecessor-version":[{"id":16682,"href":"https:\/\/foodmetamorphosis.com\/es\/wp-json\/wp\/v2\/pages\/16681\/revisions\/16682"}],"wp:attachment":[{"href":"https:\/\/foodmetamorphosis.com\/es\/wp-json\/wp\/v2\/media?parent=16681"}],"wp:term":[{"taxonomy":"category","embeddable":true,"href":"https:\/\/foodmetamorphosis.com\/es\/wp-json\/wp\/v2\/categories?post=16681"},{"taxonomy":"post_tag","embeddable":true,"href":"https:\/\/foodmetamorphosis.com\/es\/wp-json\/wp\/v2\/tags?post=16681"}],"curies":[{"name":"wp","href":"https:\/\/api.w.org\/{rel}","templated":true}]}}