{"id":5784,"date":"2021-10-07T20:24:22","date_gmt":"2021-10-08T00:24:22","guid":{"rendered":"https:\/\/foodmetamorphosis.com\/?page_id=5784"},"modified":"2024-02-24T17:17:31","modified_gmt":"2024-02-24T22:17:31","slug":"contacto","status":"publish","type":"page","link":"https:\/\/foodmetamorphosis.com\/es\/contacto\/","title":{"rendered":"Contacto"},"content":{"rendered":"<div class=\"wp-block-image is-style-default\">\n<figure class=\"aligncenter size-full is-resized\"><img decoding=\"async\" width=\"771\" height=\"771\" fetchpriority=\"high\" src=\"https:\/\/foodmetamorphosis.com\/wp-content\/uploads\/2022\/02\/BLOG-FAVITOR-LOGO-12-THICK-CCAD2D204-173-45-min.jpg\" alt=\"\" class=\"wp-image-3093\" style=\"width:193px;height:193px\" srcset=\"https:\/\/foodmetamorphosis.com\/wp-content\/uploads\/2022\/02\/BLOG-FAVITOR-LOGO-12-THICK-CCAD2D204-173-45-min.jpg 771w, https:\/\/foodmetamorphosis.com\/wp-content\/uploads\/2022\/02\/BLOG-FAVITOR-LOGO-12-THICK-CCAD2D204-173-45-min-300x300.jpg 300w, https:\/\/foodmetamorphosis.com\/wp-content\/uploads\/2022\/02\/BLOG-FAVITOR-LOGO-12-THICK-CCAD2D204-173-45-min-150x150.jpg 150w, https:\/\/foodmetamorphosis.com\/wp-content\/uploads\/2022\/02\/BLOG-FAVITOR-LOGO-12-THICK-CCAD2D204-173-45-min-768x768.jpg 768w, https:\/\/foodmetamorphosis.com\/wp-content\/uploads\/2022\/02\/BLOG-FAVITOR-LOGO-12-THICK-CCAD2D204-173-45-min-600x600.jpg 600w, https:\/\/foodmetamorphosis.com\/wp-content\/uploads\/2022\/02\/BLOG-FAVITOR-LOGO-12-THICK-CCAD2D204-173-45-min-500x500.jpg 500w\" sizes=\"(max-width: 771px) 100vw, 771px\" \/><\/figure>\n<\/div>\n\n\n<p class=\"has-text-align-center\">Muchas gracias por pasar por aqu\u00ed. \u00bfTienes una pregunta sobre alguna receta? De tenerla, por favor deje un comentario en la publicaci\u00f3n de la receta. De esta manera es mucho m\u00e1s r\u00e1pido obtener una respuesta. \u00bfSolo pasas a saludar? \u00bfTiene alguna pregunta o sugerencia? Rellena este formulario de contacto y me pondr\u00e9 en contacto contigo lo antes posible.<\/p>\n\n\n\n<hr class=\"wp-block-separator has-alpha-channel-opacity\"\/>\n\n\n<div class=\"wpforms-container wpforms-container-full wpforms-block wpforms-block-bbc99385-667b-4a22-99d4-f5c767dddb17\" id=\"wpforms-8086\"><form id=\"wpforms-form-8086\" class=\"wpforms-validate wpforms-form wpforms-ajax-form\" data-formid=\"8086\" method=\"post\" enctype=\"multipart\/form-data\" action=\"\/es\/wp-json\/wp\/v2\/pages\/5784\" data-token=\"048736f8d5a63eb9e9f6f9dd0c904b9c\" data-token-time=\"1778616656\"><noscript class=\"wpforms-error-noscript\">Por favor, activa JavaScript en tu navegador para completar este formulario.<\/noscript><div class=\"wpforms-field-container\"><div id=\"wpforms-8086-field_0-container\" class=\"wpforms-field wpforms-field-name\" data-field-id=\"0\"><label class=\"wpforms-field-label\" for=\"wpforms-8086-field_0\">Nombre <span class=\"wpforms-required-label\">*<\/span><\/label><input type=\"text\" id=\"wpforms-8086-field_0\" class=\"wpforms-field-medium wpforms-field-required\" name=\"wpforms[fields][0]\" required><\/div><div id=\"wpforms-8086-field_1-container\" class=\"wpforms-field wpforms-field-email\" data-field-id=\"1\"><label class=\"wpforms-field-label\" for=\"wpforms-8086-field_1\">Email <span class=\"wpforms-required-label\">*<\/span><\/label><input type=\"email\" id=\"wpforms-8086-field_1\" class=\"wpforms-field-medium wpforms-field-required\" name=\"wpforms[fields][1]\" spellcheck=\"false\" required><\/div><div id=\"wpforms-8086-field_3-container\" class=\"wpforms-field wpforms-field-text\" data-field-id=\"3\"><label class=\"wpforms-field-label\" for=\"wpforms-8086-field_3\">Asunto<\/label><input type=\"text\" id=\"wpforms-8086-field_3\" class=\"wpforms-field-medium\" name=\"wpforms[fields][3]\" ><\/div><div id=\"wpforms-8086-field_2-container\" class=\"wpforms-field wpforms-field-textarea\" data-field-id=\"2\"><label class=\"wpforms-field-label\" for=\"wpforms-8086-field_2\">Mensaje<\/label><textarea id=\"wpforms-8086-field_2\" class=\"wpforms-field-medium\" name=\"wpforms[fields][2]\" ><\/textarea><\/div><\/div><!-- .wpforms-field-container --><div class=\"wpforms-submit-container\" ><input type=\"hidden\" name=\"wpforms[id]\" value=\"8086\"><input type=\"hidden\" name=\"page_title\" value=\"\"><input type=\"hidden\" name=\"page_url\" value=\"https:\/\/foodmetamorphosis.com\/es\/wp-json\/wp\/v2\/pages\/5784\"><input type=\"hidden\" name=\"url_referer\" value=\"\"><button type=\"submit\" name=\"wpforms[submit]\" id=\"wpforms-submit-8086\" class=\"wpforms-submit\" data-alt-text=\"Enviando...\" data-submit-text=\"Enviar\" aria-live=\"assertive\" value=\"wpforms-submit\">Enviar<\/button><img decoding=\"async\" src=\"https:\/\/foodmetamorphosis.com\/wp-content\/plugins\/wpforms-lite\/assets\/images\/submit-spin.svg\" class=\"wpforms-submit-spinner\" style=\"display: none;\" width=\"26\" height=\"26\" alt=\"Cargando\"><\/div><\/form><\/div>  <!-- .wpforms-container -->","protected":false},"excerpt":{"rendered":"<p>Muchas gracias por pasar por aqu\u00ed. \u00bfTienes una pregunta sobre alguna receta? De tenerla, por favor deje un comentario en la publicaci\u00f3n de la receta. De esta manera es mucho m\u00e1s r\u00e1pido obtener una respuesta. \u00bfSolo pasas a saludar? \u00bfTiene alguna pregunta o sugerencia? Rellena este formulario de contacto y me pondr\u00e9 en contacto contigo&#8230;<\/p>\n<p><a class=\"more-link\" href=\"https:\/\/foodmetamorphosis.com\/es\/contacto\/\">Read On &rarr;<\/a><\/p>\n","protected":false},"author":1,"featured_media":0,"parent":0,"menu_order":0,"comment_status":"closed","ping_status":"closed","template":"","meta":{"limit_modified_date":"","last_modified_date":"","wprm-recipe-roundup-name":"","wprm-recipe-roundup-description":"","_monsterinsights_skip_tracking":false,"_monsterinsights_sitenote_active":false,"_monsterinsights_sitenote_note":"","_monsterinsights_sitenote_category":0,"_genesis_hide_title":false,"_genesis_hide_breadcrumbs":false,"_genesis_hide_singular_image":false,"_genesis_hide_footer_widgets":false,"_genesis_custom_body_class":"","_genesis_custom_post_class":"","_genesis_layout":"","footnotes":""},"categories":[],"tags":[],"class_list":{"0":"post-5784","1":"page","2":"type-page","3":"status-publish","5":"entry"},"yoast_head":"<!-- This site is optimized with the Yoast SEO plugin v27.5 - https:\/\/yoast.com\/product\/yoast-seo-wordpress\/ -->\n<title>Contacto - Food Metamorphosis<\/title>\n<meta name=\"description\" content=\"Pagina de contacto para Food Metamorphosis.\" \/>\n<meta name=\"robots\" content=\"index, follow, max-snippet:-1, max-image-preview:large, max-video-preview:-1\" \/>\n<link rel=\"canonical\" href=\"https:\/\/foodmetamorphosis.com\/es\/contacto\/\" \/>\n<meta name=\"twitter:card\" content=\"summary_large_image\" \/>\n<meta name=\"twitter:title\" content=\"Contacto - Food Metamorphosis\" \/>\n<meta name=\"twitter:description\" content=\"Pagina de contacto para Food Metamorphosis.\" \/>\n<meta name=\"twitter:image\" content=\"https:\/\/foodmetamorphosis.com\/wp-content\/uploads\/2022\/02\/BLOG-FAVITOR-LOGO-12-THICK-CCAD2D204-173-45-min.jpg\" \/>\n<meta name=\"twitter:label1\" content=\"Tiempo de lectura\" \/>\n\t<meta name=\"twitter:data1\" content=\"1 minuto\" \/>\n<script type=\"application\/ld+json\" class=\"yoast-schema-graph\">{\"@context\":\"https:\\\/\\\/schema.org\",\"@graph\":[{\"@type\":\"WebPage\",\"@id\":\"https:\\\/\\\/foodmetamorphosis.com\\\/es\\\/contacto\\\/\",\"url\":\"https:\\\/\\\/foodmetamorphosis.com\\\/es\\\/contacto\\\/\",\"name\":\"Contacto - Food Metamorphosis\",\"isPartOf\":{\"@id\":\"https:\\\/\\\/foodmetamorphosis.com\\\/es\\\/#website\"},\"primaryImageOfPage\":{\"@id\":\"https:\\\/\\\/foodmetamorphosis.com\\\/es\\\/contacto\\\/#primaryimage\"},\"image\":{\"@id\":\"https:\\\/\\\/foodmetamorphosis.com\\\/es\\\/contacto\\\/#primaryimage\"},\"thumbnailUrl\":\"https:\\\/\\\/foodmetamorphosis.com\\\/wp-content\\\/uploads\\\/2022\\\/02\\\/BLOG-FAVITOR-LOGO-12-THICK-CCAD2D204-173-45-min.jpg\",\"datePublished\":\"2021-10-08T00:24:22+00:00\",\"dateModified\":\"2024-02-24T22:17:31+00:00\",\"description\":\"Pagina de contacto para Food Metamorphosis.\",\"breadcrumb\":{\"@id\":\"https:\\\/\\\/foodmetamorphosis.com\\\/es\\\/contacto\\\/#breadcrumb\"},\"inLanguage\":\"es\",\"potentialAction\":[{\"@type\":\"ReadAction\",\"target\":[\"https:\\\/\\\/foodmetamorphosis.com\\\/es\\\/contacto\\\/\"]}]},{\"@type\":\"ImageObject\",\"inLanguage\":\"es\",\"@id\":\"https:\\\/\\\/foodmetamorphosis.com\\\/es\\\/contacto\\\/#primaryimage\",\"url\":\"https:\\\/\\\/foodmetamorphosis.com\\\/wp-content\\\/uploads\\\/2022\\\/02\\\/BLOG-FAVITOR-LOGO-12-THICK-CCAD2D204-173-45-min.jpg\",\"contentUrl\":\"https:\\\/\\\/foodmetamorphosis.com\\\/wp-content\\\/uploads\\\/2022\\\/02\\\/BLOG-FAVITOR-LOGO-12-THICK-CCAD2D204-173-45-min.jpg\"},{\"@type\":\"BreadcrumbList\",\"@id\":\"https:\\\/\\\/foodmetamorphosis.com\\\/es\\\/contacto\\\/#breadcrumb\",\"itemListElement\":[{\"@type\":\"ListItem\",\"position\":1,\"name\":\"Home\",\"item\":\"https:\\\/\\\/foodmetamorphosis.com\\\/es\\\/\"},{\"@type\":\"ListItem\",\"position\":2,\"name\":\"Contacto\"}]},{\"@type\":\"WebSite\",\"@id\":\"https:\\\/\\\/foodmetamorphosis.com\\\/es\\\/#website\",\"url\":\"https:\\\/\\\/foodmetamorphosis.com\\\/es\\\/\",\"name\":\"Food Metamorphosis\",\"description\":\"Puerto Rican and Latin American Recipes- Food Metamorphosis\",\"publisher\":{\"@id\":\"https:\\\/\\\/foodmetamorphosis.com\\\/es\\\/#organization\"},\"potentialAction\":[{\"@type\":\"SearchAction\",\"target\":{\"@type\":\"EntryPoint\",\"urlTemplate\":\"https:\\\/\\\/foodmetamorphosis.com\\\/es\\\/?s={search_term_string}\"},\"query-input\":{\"@type\":\"PropertyValueSpecification\",\"valueRequired\":true,\"valueName\":\"search_term_string\"}}],\"inLanguage\":\"es\"},{\"@type\":\"Organization\",\"@id\":\"https:\\\/\\\/foodmetamorphosis.com\\\/es\\\/#organization\",\"name\":\"Foodmetamorphosis.com\",\"url\":\"https:\\\/\\\/foodmetamorphosis.com\\\/es\\\/\",\"logo\":{\"@type\":\"ImageObject\",\"inLanguage\":\"es\",\"@id\":\"https:\\\/\\\/foodmetamorphosis.com\\\/es\\\/#\\\/schema\\\/logo\\\/image\\\/\",\"url\":\"https:\\\/\\\/foodmetamorphosis.com\\\/wp-content\\\/uploads\\\/2022\\\/05\\\/organization-logo.jpg\",\"contentUrl\":\"https:\\\/\\\/foodmetamorphosis.com\\\/wp-content\\\/uploads\\\/2022\\\/05\\\/organization-logo.jpg\",\"width\":973,\"height\":973,\"caption\":\"Foodmetamorphosis.com\"},\"image\":{\"@id\":\"https:\\\/\\\/foodmetamorphosis.com\\\/es\\\/#\\\/schema\\\/logo\\\/image\\\/\"},\"sameAs\":[\"https:\\\/\\\/www.youtube.com\\\/@foodmetamorphosis\\\/featured\",\"https:\\\/\\\/www.instagram.com\\\/foodmetamorphosis\\\/\",\"https:\\\/\\\/www.pinterest.com\\\/foodmetamorphosis\\\/\"]}]}<\/script>\n<!-- \/ Yoast SEO plugin. -->","yoast_head_json":{"title":"Contacto - Food Metamorphosis","description":"Pagina de contacto para Food Metamorphosis.","robots":{"index":"index","follow":"follow","max-snippet":"max-snippet:-1","max-image-preview":"max-image-preview:large","max-video-preview":"max-video-preview:-1"},"canonical":"https:\/\/foodmetamorphosis.com\/es\/contacto\/","twitter_card":"summary_large_image","twitter_title":"Contacto - Food Metamorphosis","twitter_description":"Pagina de contacto para Food Metamorphosis.","twitter_image":"https:\/\/foodmetamorphosis.com\/wp-content\/uploads\/2022\/02\/BLOG-FAVITOR-LOGO-12-THICK-CCAD2D204-173-45-min.jpg","twitter_misc":{"Tiempo de lectura":"1 minuto"},"schema":{"@context":"https:\/\/schema.org","@graph":[{"@type":"WebPage","@id":"https:\/\/foodmetamorphosis.com\/es\/contacto\/","url":"https:\/\/foodmetamorphosis.com\/es\/contacto\/","name":"Contacto - Food Metamorphosis","isPartOf":{"@id":"https:\/\/foodmetamorphosis.com\/es\/#website"},"primaryImageOfPage":{"@id":"https:\/\/foodmetamorphosis.com\/es\/contacto\/#primaryimage"},"image":{"@id":"https:\/\/foodmetamorphosis.com\/es\/contacto\/#primaryimage"},"thumbnailUrl":"https:\/\/foodmetamorphosis.com\/wp-content\/uploads\/2022\/02\/BLOG-FAVITOR-LOGO-12-THICK-CCAD2D204-173-45-min.jpg","datePublished":"2021-10-08T00:24:22+00:00","dateModified":"2024-02-24T22:17:31+00:00","description":"Pagina de contacto para Food Metamorphosis.","breadcrumb":{"@id":"https:\/\/foodmetamorphosis.com\/es\/contacto\/#breadcrumb"},"inLanguage":"es","potentialAction":[{"@type":"ReadAction","target":["https:\/\/foodmetamorphosis.com\/es\/contacto\/"]}]},{"@type":"ImageObject","inLanguage":"es","@id":"https:\/\/foodmetamorphosis.com\/es\/contacto\/#primaryimage","url":"https:\/\/foodmetamorphosis.com\/wp-content\/uploads\/2022\/02\/BLOG-FAVITOR-LOGO-12-THICK-CCAD2D204-173-45-min.jpg","contentUrl":"https:\/\/foodmetamorphosis.com\/wp-content\/uploads\/2022\/02\/BLOG-FAVITOR-LOGO-12-THICK-CCAD2D204-173-45-min.jpg"},{"@type":"BreadcrumbList","@id":"https:\/\/foodmetamorphosis.com\/es\/contacto\/#breadcrumb","itemListElement":[{"@type":"ListItem","position":1,"name":"Home","item":"https:\/\/foodmetamorphosis.com\/es\/"},{"@type":"ListItem","position":2,"name":"Contacto"}]},{"@type":"WebSite","@id":"https:\/\/foodmetamorphosis.com\/es\/#website","url":"https:\/\/foodmetamorphosis.com\/es\/","name":"Food Metamorphosis","description":"Puerto Rican and Latin American Recipes- Food Metamorphosis","publisher":{"@id":"https:\/\/foodmetamorphosis.com\/es\/#organization"},"potentialAction":[{"@type":"SearchAction","target":{"@type":"EntryPoint","urlTemplate":"https:\/\/foodmetamorphosis.com\/es\/?s={search_term_string}"},"query-input":{"@type":"PropertyValueSpecification","valueRequired":true,"valueName":"search_term_string"}}],"inLanguage":"es"},{"@type":"Organization","@id":"https:\/\/foodmetamorphosis.com\/es\/#organization","name":"Foodmetamorphosis.com","url":"https:\/\/foodmetamorphosis.com\/es\/","logo":{"@type":"ImageObject","inLanguage":"es","@id":"https:\/\/foodmetamorphosis.com\/es\/#\/schema\/logo\/image\/","url":"https:\/\/foodmetamorphosis.com\/wp-content\/uploads\/2022\/05\/organization-logo.jpg","contentUrl":"https:\/\/foodmetamorphosis.com\/wp-content\/uploads\/2022\/05\/organization-logo.jpg","width":973,"height":973,"caption":"Foodmetamorphosis.com"},"image":{"@id":"https:\/\/foodmetamorphosis.com\/es\/#\/schema\/logo\/image\/"},"sameAs":["https:\/\/www.youtube.com\/@foodmetamorphosis\/featured","https:\/\/www.instagram.com\/foodmetamorphosis\/","https:\/\/www.pinterest.com\/foodmetamorphosis\/"]}]}},"_links":{"self":[{"href":"https:\/\/foodmetamorphosis.com\/es\/wp-json\/wp\/v2\/pages\/5784","targetHints":{"allow":["GET"]}}],"collection":[{"href":"https:\/\/foodmetamorphosis.com\/es\/wp-json\/wp\/v2\/pages"}],"about":[{"href":"https:\/\/foodmetamorphosis.com\/es\/wp-json\/wp\/v2\/types\/page"}],"author":[{"embeddable":true,"href":"https:\/\/foodmetamorphosis.com\/es\/wp-json\/wp\/v2\/users\/1"}],"replies":[{"embeddable":true,"href":"https:\/\/foodmetamorphosis.com\/es\/wp-json\/wp\/v2\/comments?post=5784"}],"version-history":[{"count":4,"href":"https:\/\/foodmetamorphosis.com\/es\/wp-json\/wp\/v2\/pages\/5784\/revisions"}],"predecessor-version":[{"id":16667,"href":"https:\/\/foodmetamorphosis.com\/es\/wp-json\/wp\/v2\/pages\/5784\/revisions\/16667"}],"wp:attachment":[{"href":"https:\/\/foodmetamorphosis.com\/es\/wp-json\/wp\/v2\/media?parent=5784"}],"wp:term":[{"taxonomy":"category","embeddable":true,"href":"https:\/\/foodmetamorphosis.com\/es\/wp-json\/wp\/v2\/categories?post=5784"},{"taxonomy":"post_tag","embeddable":true,"href":"https:\/\/foodmetamorphosis.com\/es\/wp-json\/wp\/v2\/tags?post=5784"}],"curies":[{"name":"wp","href":"https:\/\/api.w.org\/{rel}","templated":true}]}}