{"id":5788,"date":"2021-10-07T20:22:52","date_gmt":"2021-10-08T00:22:52","guid":{"rendered":"https:\/\/foodmetamorphosis.com\/?page_id=5788"},"modified":"2026-01-22T11:25:28","modified_gmt":"2026-01-22T16:25:28","slug":"politica-de-privacidad","status":"publish","type":"page","link":"https:\/\/foodmetamorphosis.com\/es\/politica-de-privacidad\/","title":{"rendered":"Politica de privacidad"},"content":{"rendered":"\n<p>Respetamos su privacidad y nos comprometemos a protegerla. Al visitar y utilizar foodmetamorphosis.com, usted acepta nuestra pol\u00edtica de privacidad. No usaremos ni compartiremos su informaci\u00f3n con nadie excepto como se describe en esta Pol\u00edtica de Privacidad.<\/p>\n\n\n\n<p class=\"has-normal-font-size\">Food Metamorphosis (\u00abyo\u00bb, \u00abnos\u00bb, \u00abnosotros\u00bb o \u00abnuestro\u00bb) opera el sitio web Foodmatamorphosis.com. Esta p\u00e1gina le informa sobre nuestras pol\u00edticas con respecto a la recopilaci\u00f3n, uso y divulgaci\u00f3n de informaci\u00f3n personal cuando utiliza nuestro servicio. Por (\u201custed\u201d, \u201cusuario\u201d y \u201csu\u201d) tambi\u00e9n nos referimos a los visitantes del sitio, los clientes y cualquier otro usuario del sitio.<\/p>\n\n\n[feast_advanced_jump_to]\n\n\n<h2 id=\"su-informacion-personal-y-como-se-utiliza\"   class=\"wp-block-heading\"><strong>Su informaci\u00f3n personal y c\u00f3mo se utiliza<\/strong><\/h2>\n\n\n\n<p>Utilizamos su informaci\u00f3n personal para proporcionar y mejorar nuestro Servicio. Mientras utiliza nuestro Servicio, es posible que le solicitemos que nos proporcione cierta informaci\u00f3n de identificaci\u00f3n personal que pueda usarse para contactarlo o identificarlo. La informaci\u00f3n de identificaci\u00f3n personal puede incluir, entre otros: nombre y direcci\u00f3n de correo electr\u00f3nico. S\u00f3lo utilizaremos tu direcci\u00f3n de correo electr\u00f3nico cuando te suscribas a nuestra newsletter, de la que podr\u00e1s darte de baja en cualquier momento. Tambi\u00e9n podemos utilizar su correo electr\u00f3nico para responder a sus comentarios o consultas. Su correo electr\u00f3nico tambi\u00e9n se compartir\u00e1 con Mailchimp para enviar nuestro bolet\u00edn informativo por correo electr\u00f3nico.<\/p>\n\n\n\n<h3 class=\"wp-block-heading\"><strong>Dato de registro<\/strong><\/h3>\n\n\n\n<p>Recopilamos informaci\u00f3n que su navegador env\u00eda cada vez que visita nuestro Servicio (\u00abDatos de registro\u00bb). Estos datos de registro pueden incluir informaci\u00f3n como la direcci\u00f3n de Protocolo de Internet (\u00abIP\u00bb) de su computadora, tipo de navegador, versi\u00f3n del navegador, las p\u00e1ginas de nuestro Servicio que visita, la hora y fecha de su visita, el tiempo dedicado a esas p\u00e1ginas y otras estad\u00edsticas.<\/p>\n\n\n\n<h3 class=\"wp-block-heading\"><strong>Cookies y c\u00f3mo las utilizamos<\/strong><\/h3>\n\n\n\n<p>Las cookies son ficheros con una peque\u00f1a cantidad de datos, que pueden incluir un identificador \u00fanico an\u00f3nimo. Las cookies se env\u00edan a su navegador desde un sitio web y se almacenan en el disco duro de su computadora. Puede indicarle a su navegador que rechace todas las cookies o que indique cu\u00e1ndo se env\u00eda una cookie. Sin embargo, si no acepta las cookies, es posible que no pueda utilizar algunas partes de nuestro Servicio. Utilizamos \u00abcookies\u00bb para recopilar informaci\u00f3n como autenticaci\u00f3n, personalizaci\u00f3n y seguridad.<\/p>\n\n\n\n<h2 id=\"analyticas-de-google\"   class=\"wp-block-heading\"><strong>Analyticas de Google<\/strong><\/h2>\n\n\n\n<p>Utilizamos Google Analytics para analizar el uso de nuestro sitio web. Google Analytics recopila informaci\u00f3n sobre el uso del sitio web mediante cookies. La informaci\u00f3n recopilada en relaci\u00f3n con nuestro sitio web se utiliza para crear informes sobre el uso de nuestro sitio web. La pol\u00edtica de privacidad de Google est\u00e1 disponible en: <a href=\"https:\/\/policies.google.com\/privacy?hl=es\">https:\/\/policies.google.com\/privacy.<\/a> Puede optar por que la actividad de su sitio no est\u00e9 disponible para Google Analytics instalando el complemento de exclusi\u00f3n voluntaria del navegador de Google Analytics. El complemento evita que el JavaScript de Google Analytics (gtag.js, Analytics.js) que se ejecuta en los sitios web comparta informaci\u00f3n con Google Analytics sobre su actividad de visita.<\/p>\n\n\n\n<h2 id=\"publicidad\"   class=\"wp-block-heading\"><strong>Publicidad<\/strong><\/h2>\n\n\n\n<p>CMI Marketing, Inc., que opera bajo el nombre de Raptive (\u201cRaptive\u201d), es el proveedor de servicios de este sitio web para la inserci\u00f3n de publicidad, y Raptive recopilar\u00e1 y utilizar\u00e1 ciertos datos con fines publicitarios. Para obtener m\u00e1s informaci\u00f3n sobre el uso de datos por parte de Raptive, haga clic aqu\u00ed: <a href=\"https:\/\/raptive.com\/creator-advertising-privacy-statement\/\" target=\"_blank\" rel=\"noreferrer noopener\">https:\/\/raptive.com\/creator-advertising-privacy-statement\/<\/a><\/p>\n\n\n\n<h2 id=\"publicidad-de-afiliados\"   class=\"wp-block-heading\"><strong>Publicidad de afiliados <\/strong><\/h2>\n\n\n\n<p>El sitio web incorpora estrategias de marketing de afiliados mediante la integraci\u00f3n de enlaces de seguimiento en todo su contenido. Cuando interact\u00faa con estos enlaces de afiliados, se deposita una cookie en su navegador para monitorear cualquier compra potencial, lo que permite la asignaci\u00f3n de comisiones. <\/p>\n\n\n\n<p>Food Metamorphosis es un participante activo en el Programa de Asociados de Amazon Services LLC, una iniciativa promocional que permite a los sitios web generar ingresos a trav\u00e9s de publicidad y enlaces a Amazon.com. En el marco de este programa, el sitio web utiliza enlaces especialmente dise\u00f1ados proporcionados por Amazon para rastrear el origen del tr\u00e1fico dirigido a su plataforma. Este sistema emplea cookies para registrar visitas, facilitando la asignaci\u00f3n de comisiones sobre las ventas generadas a trav\u00e9s de estas referencias. <\/p>\n\n\n\n<p>Puede rechazar estas cookies ajustando la configuraci\u00f3n de su navegador.<\/p>\n\n\n\n<p>Nuestro servicio puede contener enlaces a otros sitios que no son operados por nosotros. Si hace clic en un enlace de un tercero, ser\u00e1 dirigido al sitio de ese tercero. Le recomendamos encarecidamente que revise la Pol\u00edtica de privacidad de cada sitio que visite. No tenemos control ni asumimos ninguna responsabilidad por el contenido, las pol\u00edticas o pr\u00e1cticas de privacidad de sitios o servicios de terceros.<\/p>\n\n\n\n<h2 id=\"para-residentes-del-espacio-economico-europeo\"   class=\"wp-block-heading\"><strong>Para residentes del Espacio Econ\u00f3mico Europeo<\/strong><\/h2>\n\n\n\n<p>Si reside en un pa\u00eds del Espacio Econ\u00f3mico Europeo (EEE), seg\u00fan el RGPD y las leyes de protecci\u00f3n de datos aplicables, tiene derecho a acceder a sus datos personales, solicitar que los borremos y\/o restringir su procesamiento posterior. Si desea acceder o eliminar sus datos personales, cont\u00e1ctenos en hello@foodmetamorphosis.com<\/p>\n\n\n\n<h2 id=\"para-residentes-de-california\"   class=\"wp-block-heading\"><strong>Para residentes de California<\/strong><\/h2>\n\n\n\n<p>La ley de California otorga a los residentes el derecho de optar por no participar en la \u201cventa\u201d de su informaci\u00f3n personal a terceros, incluso con fines publicitarios. Seg\u00fan la ley de California, compartir su informaci\u00f3n con un proveedor de servicios con fines publicitarios podr\u00eda considerarse una \u00abventa\u00bb. Para optar por no compartir su informaci\u00f3n con fines publicitarios, cont\u00e1ctenos en hello@foodmetamorphosis.com. Para ser claros, no compartimos su nombre, informaci\u00f3n de contacto ni ninguna otra informaci\u00f3n confidencial con terceros, y las categor\u00edas de terceros con los que compartimos informaci\u00f3n con fines publicitarios son plataformas del lado de la oferta, intercambios de publicidad program\u00e1tica y plataformas del lado de la demanda.<\/p>\n\n\n\n<h2 id=\"privacidad-de-los-ninos\"   class=\"wp-block-heading\"><strong>Privacidad de los ni\u00f1os<\/strong><\/h2>\n\n\n\n<p>Nuestro servicio no est\u00e1 dirigido a personas menores de 13 a\u00f1os (\u00abNi\u00f1os\u00bb). No recopilamos intencionadamente informaci\u00f3n de identificaci\u00f3n personal de ni\u00f1os menores de 13 a\u00f1os. Si usted es padre o tutor y sabe que su hijo nos ha proporcionado informaci\u00f3n personal, comun\u00edquese con nosotros de inmediato a hello@foodmetamorphosis.com y eliminaremos la informaci\u00f3n. de nuestros registros. Si descubrimos que un ni\u00f1o menor de 13 a\u00f1os nos ha proporcionado informaci\u00f3n personal, eliminaremos dicha informaci\u00f3n de nuestros servidores inmediatamente.<\/p>\n\n\n\n<h2 id=\"cambios-a-esta-politica-de-privacidad\"   class=\"wp-block-heading\"><strong>Cambios a esta pol\u00edtica de privacidad<\/strong><\/h2>\n\n\n\n<p>Podemos actualizar nuestra Pol\u00edtica de Privacidad de vez en cuando. Le notificaremos cualquier cambio publicando la nueva Pol\u00edtica de Privacidad en esta p\u00e1gina. Se le recomienda revisar esta Pol\u00edtica de Privacidad peri\u00f3dicamente para detectar cualquier cambio. Los cambios a esta Pol\u00edtica de Privacidad entran en vigencia cuando se publican en esta p\u00e1gina.<\/p>\n\n\n\n<h2 id=\"informacion-de-contacto\"   class=\"wp-block-heading\"><strong>Informacion de Contacto<\/strong><\/h2>\n\n\n\n<p>Si tiene alguna pregunta sobre esta Pol\u00edtica de Privacidad, cont\u00e1ctenos a hello@foodmetamorphosis.com.<\/p>\n\n\n\n<p>\u00daltima actualizaci\u00f3n 12\/18\/2025.<\/p>\n","protected":false},"excerpt":{"rendered":"<p>Respetamos su privacidad y nos comprometemos a protegerla. Al visitar y utilizar foodmetamorphosis.com, usted acepta nuestra pol\u00edtica de privacidad. No usaremos ni compartiremos su informaci\u00f3n con nadie excepto como se describe en esta Pol\u00edtica de Privacidad. Food Metamorphosis (\u00abyo\u00bb, \u00abnos\u00bb, \u00abnosotros\u00bb o \u00abnuestro\u00bb) opera el sitio web Foodmatamorphosis.com. Esta p\u00e1gina le informa sobre nuestras pol\u00edticas&#8230;<\/p>\n<p><a class=\"more-link\" href=\"https:\/\/foodmetamorphosis.com\/es\/politica-de-privacidad\/\">Read On &rarr;<\/a><\/p>\n","protected":false},"author":1,"featured_media":0,"parent":0,"menu_order":0,"comment_status":"closed","ping_status":"closed","template":"","meta":{"limit_modified_date":"","last_modified_date":"","wprm-recipe-roundup-name":"","wprm-recipe-roundup-description":"","_monsterinsights_skip_tracking":false,"_monsterinsights_sitenote_active":false,"_monsterinsights_sitenote_note":"","_monsterinsights_sitenote_category":0,"_genesis_hide_title":false,"_genesis_hide_breadcrumbs":false,"_genesis_hide_singular_image":false,"_genesis_hide_footer_widgets":false,"_genesis_custom_body_class":"","_genesis_custom_post_class":"","_genesis_layout":"","footnotes":""},"categories":[],"tags":[],"class_list":{"0":"post-5788","1":"page","2":"type-page","3":"status-publish","5":"entry"},"yoast_head":"<!-- This site is optimized with the Yoast SEO plugin v27.5 - https:\/\/yoast.com\/product\/yoast-seo-wordpress\/ -->\n<title>Politica de privacidad - Food Metamorphosis<\/title>\n<meta name=\"description\" content=\"La politica de privacidad de Food Metamorphosis.\" \/>\n<meta name=\"robots\" content=\"index, follow, max-snippet:-1, max-image-preview:large, max-video-preview:-1\" \/>\n<link rel=\"canonical\" href=\"https:\/\/foodmetamorphosis.com\/es\/politica-de-privacidad\/\" \/>\n<meta name=\"twitter:card\" content=\"summary_large_image\" \/>\n<meta name=\"twitter:title\" content=\"Politica de privacidad - Food Metamorphosis\" \/>\n<meta name=\"twitter:description\" content=\"La politica de privacidad de Food Metamorphosis.\" \/>\n<meta name=\"twitter:label1\" content=\"Tiempo de lectura\" \/>\n\t<meta name=\"twitter:data1\" content=\"5 minutos\" \/>\n<script type=\"application\/ld+json\" class=\"yoast-schema-graph\">{\"@context\":\"https:\\\/\\\/schema.org\",\"@graph\":[{\"@type\":\"WebPage\",\"@id\":\"https:\\\/\\\/foodmetamorphosis.com\\\/es\\\/politica-de-privacidad\\\/\",\"url\":\"https:\\\/\\\/foodmetamorphosis.com\\\/es\\\/politica-de-privacidad\\\/\",\"name\":\"Politica de privacidad - Food Metamorphosis\",\"isPartOf\":{\"@id\":\"https:\\\/\\\/foodmetamorphosis.com\\\/es\\\/#website\"},\"datePublished\":\"2021-10-08T00:22:52+00:00\",\"dateModified\":\"2026-01-22T16:25:28+00:00\",\"description\":\"La politica de privacidad de Food Metamorphosis.\",\"breadcrumb\":{\"@id\":\"https:\\\/\\\/foodmetamorphosis.com\\\/es\\\/politica-de-privacidad\\\/#breadcrumb\"},\"inLanguage\":\"es\",\"potentialAction\":[{\"@type\":\"ReadAction\",\"target\":[\"https:\\\/\\\/foodmetamorphosis.com\\\/es\\\/politica-de-privacidad\\\/\"]}]},{\"@type\":\"BreadcrumbList\",\"@id\":\"https:\\\/\\\/foodmetamorphosis.com\\\/es\\\/politica-de-privacidad\\\/#breadcrumb\",\"itemListElement\":[{\"@type\":\"ListItem\",\"position\":1,\"name\":\"Home\",\"item\":\"https:\\\/\\\/foodmetamorphosis.com\\\/es\\\/\"},{\"@type\":\"ListItem\",\"position\":2,\"name\":\"Politica de privacidad\"}]},{\"@type\":\"WebSite\",\"@id\":\"https:\\\/\\\/foodmetamorphosis.com\\\/es\\\/#website\",\"url\":\"https:\\\/\\\/foodmetamorphosis.com\\\/es\\\/\",\"name\":\"Food Metamorphosis\",\"description\":\"Puerto Rican and Latin American Recipes- Food Metamorphosis\",\"publisher\":{\"@id\":\"https:\\\/\\\/foodmetamorphosis.com\\\/es\\\/#organization\"},\"potentialAction\":[{\"@type\":\"SearchAction\",\"target\":{\"@type\":\"EntryPoint\",\"urlTemplate\":\"https:\\\/\\\/foodmetamorphosis.com\\\/es\\\/?s={search_term_string}\"},\"query-input\":{\"@type\":\"PropertyValueSpecification\",\"valueRequired\":true,\"valueName\":\"search_term_string\"}}],\"inLanguage\":\"es\"},{\"@type\":\"Organization\",\"@id\":\"https:\\\/\\\/foodmetamorphosis.com\\\/es\\\/#organization\",\"name\":\"Foodmetamorphosis.com\",\"url\":\"https:\\\/\\\/foodmetamorphosis.com\\\/es\\\/\",\"logo\":{\"@type\":\"ImageObject\",\"inLanguage\":\"es\",\"@id\":\"https:\\\/\\\/foodmetamorphosis.com\\\/es\\\/#\\\/schema\\\/logo\\\/image\\\/\",\"url\":\"https:\\\/\\\/foodmetamorphosis.com\\\/wp-content\\\/uploads\\\/2022\\\/05\\\/organization-logo.jpg\",\"contentUrl\":\"https:\\\/\\\/foodmetamorphosis.com\\\/wp-content\\\/uploads\\\/2022\\\/05\\\/organization-logo.jpg\",\"width\":973,\"height\":973,\"caption\":\"Foodmetamorphosis.com\"},\"image\":{\"@id\":\"https:\\\/\\\/foodmetamorphosis.com\\\/es\\\/#\\\/schema\\\/logo\\\/image\\\/\"},\"sameAs\":[\"https:\\\/\\\/www.youtube.com\\\/@foodmetamorphosis\\\/featured\",\"https:\\\/\\\/www.instagram.com\\\/foodmetamorphosis\\\/\",\"https:\\\/\\\/www.pinterest.com\\\/foodmetamorphosis\\\/\"]}]}<\/script>\n<!-- \/ Yoast SEO plugin. -->","yoast_head_json":{"title":"Politica de privacidad - Food Metamorphosis","description":"La politica de privacidad de Food Metamorphosis.","robots":{"index":"index","follow":"follow","max-snippet":"max-snippet:-1","max-image-preview":"max-image-preview:large","max-video-preview":"max-video-preview:-1"},"canonical":"https:\/\/foodmetamorphosis.com\/es\/politica-de-privacidad\/","twitter_card":"summary_large_image","twitter_title":"Politica de privacidad - Food Metamorphosis","twitter_description":"La politica de privacidad de Food Metamorphosis.","twitter_misc":{"Tiempo de lectura":"5 minutos"},"schema":{"@context":"https:\/\/schema.org","@graph":[{"@type":"WebPage","@id":"https:\/\/foodmetamorphosis.com\/es\/politica-de-privacidad\/","url":"https:\/\/foodmetamorphosis.com\/es\/politica-de-privacidad\/","name":"Politica de privacidad - Food Metamorphosis","isPartOf":{"@id":"https:\/\/foodmetamorphosis.com\/es\/#website"},"datePublished":"2021-10-08T00:22:52+00:00","dateModified":"2026-01-22T16:25:28+00:00","description":"La politica de privacidad de Food Metamorphosis.","breadcrumb":{"@id":"https:\/\/foodmetamorphosis.com\/es\/politica-de-privacidad\/#breadcrumb"},"inLanguage":"es","potentialAction":[{"@type":"ReadAction","target":["https:\/\/foodmetamorphosis.com\/es\/politica-de-privacidad\/"]}]},{"@type":"BreadcrumbList","@id":"https:\/\/foodmetamorphosis.com\/es\/politica-de-privacidad\/#breadcrumb","itemListElement":[{"@type":"ListItem","position":1,"name":"Home","item":"https:\/\/foodmetamorphosis.com\/es\/"},{"@type":"ListItem","position":2,"name":"Politica de privacidad"}]},{"@type":"WebSite","@id":"https:\/\/foodmetamorphosis.com\/es\/#website","url":"https:\/\/foodmetamorphosis.com\/es\/","name":"Food Metamorphosis","description":"Puerto Rican and Latin American Recipes- Food Metamorphosis","publisher":{"@id":"https:\/\/foodmetamorphosis.com\/es\/#organization"},"potentialAction":[{"@type":"SearchAction","target":{"@type":"EntryPoint","urlTemplate":"https:\/\/foodmetamorphosis.com\/es\/?s={search_term_string}"},"query-input":{"@type":"PropertyValueSpecification","valueRequired":true,"valueName":"search_term_string"}}],"inLanguage":"es"},{"@type":"Organization","@id":"https:\/\/foodmetamorphosis.com\/es\/#organization","name":"Foodmetamorphosis.com","url":"https:\/\/foodmetamorphosis.com\/es\/","logo":{"@type":"ImageObject","inLanguage":"es","@id":"https:\/\/foodmetamorphosis.com\/es\/#\/schema\/logo\/image\/","url":"https:\/\/foodmetamorphosis.com\/wp-content\/uploads\/2022\/05\/organization-logo.jpg","contentUrl":"https:\/\/foodmetamorphosis.com\/wp-content\/uploads\/2022\/05\/organization-logo.jpg","width":973,"height":973,"caption":"Foodmetamorphosis.com"},"image":{"@id":"https:\/\/foodmetamorphosis.com\/es\/#\/schema\/logo\/image\/"},"sameAs":["https:\/\/www.youtube.com\/@foodmetamorphosis\/featured","https:\/\/www.instagram.com\/foodmetamorphosis\/","https:\/\/www.pinterest.com\/foodmetamorphosis\/"]}]}},"_links":{"self":[{"href":"https:\/\/foodmetamorphosis.com\/es\/wp-json\/wp\/v2\/pages\/5788","targetHints":{"allow":["GET"]}}],"collection":[{"href":"https:\/\/foodmetamorphosis.com\/es\/wp-json\/wp\/v2\/pages"}],"about":[{"href":"https:\/\/foodmetamorphosis.com\/es\/wp-json\/wp\/v2\/types\/page"}],"author":[{"embeddable":true,"href":"https:\/\/foodmetamorphosis.com\/es\/wp-json\/wp\/v2\/users\/1"}],"replies":[{"embeddable":true,"href":"https:\/\/foodmetamorphosis.com\/es\/wp-json\/wp\/v2\/comments?post=5788"}],"version-history":[{"count":4,"href":"https:\/\/foodmetamorphosis.com\/es\/wp-json\/wp\/v2\/pages\/5788\/revisions"}],"predecessor-version":[{"id":36310,"href":"https:\/\/foodmetamorphosis.com\/es\/wp-json\/wp\/v2\/pages\/5788\/revisions\/36310"}],"wp:attachment":[{"href":"https:\/\/foodmetamorphosis.com\/es\/wp-json\/wp\/v2\/media?parent=5788"}],"wp:term":[{"taxonomy":"category","embeddable":true,"href":"https:\/\/foodmetamorphosis.com\/es\/wp-json\/wp\/v2\/categories?post=5788"},{"taxonomy":"post_tag","embeddable":true,"href":"https:\/\/foodmetamorphosis.com\/es\/wp-json\/wp\/v2\/tags?post=5788"}],"curies":[{"name":"wp","href":"https:\/\/api.w.org\/{rel}","templated":true}]}}