{"id":8297,"date":"2023-01-23T15:29:56","date_gmt":"2023-01-23T20:29:56","guid":{"rendered":"https:\/\/foodmetamorphosis.com\/?page_id=8297"},"modified":"2024-06-18T11:58:23","modified_gmt":"2024-06-18T15:58:23","slug":"suscribete","status":"publish","type":"page","link":"https:\/\/foodmetamorphosis.com\/es\/suscribete\/","title":{"rendered":"Suscribete"},"content":{"rendered":"\n<p>\u00bfTe preguntas qu\u00e9 cocinar hoy? \u00a1Recibe nuestras recetas de Food Metamorphosis a tu email! \u00bfQu\u00e9 recetas recibir\u00e1s? Desde recetas tradicionales puertorrique\u00f1as y latinas hasta recetas f\u00e1ciles y divertidas. Adem\u00e1s, \u00a1te enviar\u00e9 todos los consejos que aprend\u00ed en el camino!<\/p>\n\n\n\n<script async data-uid=\"3803ef2380\" src=\"https:\/\/foodmetamorphosis.ck.page\/3803ef2380\/index.js\"><\/script>\n\n\n\n<p class=\"has-text-align-center\">No te enviaremos spam. Te puedes darte de baja en cualquier momento.<\/p>\n\n\n\n<p class=\"has-text-align-center\">Si prefieres ver c\u00f3mo hacer una receta puedes seguirnos en <a href=\"https:\/\/www.youtube.com\/channel\/UC3TtUqp2AZOpCv9L1HJpK2w\">YouTube<\/a> o en nuestra <a href=\"https:\/\/www.facebook.com\/foodmetamorphosis\/\">Pagina de Facebook<\/a>. O mantente al d\u00eda con nosotros en<a href=\"https:\/\/www.instagram.com\/foodmetamorphosis\/\"> Instagram<\/a> y<a href=\"https:\/\/www.pinterest.com\/foodmetamorphosis\/\"> Pinterest<\/a>.<\/p>\n","protected":false},"excerpt":{"rendered":"<p>\u00bfTe preguntas qu\u00e9 cocinar hoy? \u00a1Recibe nuestras recetas de Food Metamorphosis a tu email! \u00bfQu\u00e9 recetas recibir\u00e1s? Desde recetas tradicionales puertorrique\u00f1as y latinas hasta recetas f\u00e1ciles y divertidas. Adem\u00e1s, \u00a1te enviar\u00e9 todos los consejos que aprend\u00ed en el camino! No te enviaremos spam. Te puedes darte de baja en cualquier momento. Si prefieres ver c\u00f3mo&#8230;<\/p>\n<p><a class=\"more-link\" href=\"https:\/\/foodmetamorphosis.com\/es\/suscribete\/\">Read On &rarr;<\/a><\/p>\n","protected":false},"author":1,"featured_media":0,"parent":0,"menu_order":0,"comment_status":"closed","ping_status":"closed","template":"","meta":{"limit_modified_date":"","last_modified_date":"","wprm-recipe-roundup-name":"","wprm-recipe-roundup-description":"","_monsterinsights_skip_tracking":false,"_monsterinsights_sitenote_active":false,"_monsterinsights_sitenote_note":"","_monsterinsights_sitenote_category":0,"_genesis_hide_title":false,"_genesis_hide_breadcrumbs":false,"_genesis_hide_singular_image":false,"_genesis_hide_footer_widgets":false,"_genesis_custom_body_class":"","_genesis_custom_post_class":"","_genesis_layout":"","footnotes":""},"categories":[],"tags":[],"class_list":{"0":"post-8297","1":"page","2":"type-page","3":"status-publish","5":"entry","6":"has-post-thumbnail"},"yoast_head":"<!-- This site is optimized with the Yoast SEO plugin v27.6 - https:\/\/yoast.com\/product\/yoast-seo-wordpress\/ -->\n<title>Suscribete - Food Metamorphosis<\/title>\n<meta name=\"description\" content=\"Unete a nuestra comunidad y suscribete hoy para recibir recetas y tips directos a tu email aqui en foodmetamorphosis.com.\" \/>\n<meta name=\"robots\" content=\"index, follow, max-snippet:-1, max-image-preview:large, max-video-preview:-1\" \/>\n<link rel=\"canonical\" href=\"https:\/\/foodmetamorphosis.com\/es\/suscribete\/\" \/>\n<meta name=\"twitter:card\" content=\"summary_large_image\" \/>\n<meta name=\"twitter:title\" content=\"Suscribete - Food Metamorphosis\" \/>\n<meta name=\"twitter:description\" content=\"Unete a nuestra comunidad y suscribete hoy para recibir recetas y tips directos a tu email aqui en foodmetamorphosis.com.\" \/>\n<meta name=\"twitter:label1\" content=\"Tiempo de lectura\" \/>\n\t<meta name=\"twitter:data1\" content=\"1 minuto\" \/>\n<script type=\"application\/ld+json\" class=\"yoast-schema-graph\">{\"@context\":\"https:\\\/\\\/schema.org\",\"@graph\":[{\"@type\":\"WebPage\",\"@id\":\"https:\\\/\\\/foodmetamorphosis.com\\\/es\\\/suscribete\\\/\",\"url\":\"https:\\\/\\\/foodmetamorphosis.com\\\/es\\\/suscribete\\\/\",\"name\":\"Suscribete - Food Metamorphosis\",\"isPartOf\":{\"@id\":\"https:\\\/\\\/foodmetamorphosis.com\\\/es\\\/#website\"},\"datePublished\":\"2023-01-23T20:29:56+00:00\",\"dateModified\":\"2024-06-18T15:58:23+00:00\",\"description\":\"Unete a nuestra comunidad y suscribete hoy para recibir recetas y tips directos a tu email aqui en foodmetamorphosis.com.\",\"breadcrumb\":{\"@id\":\"https:\\\/\\\/foodmetamorphosis.com\\\/es\\\/suscribete\\\/#breadcrumb\"},\"inLanguage\":\"es\",\"potentialAction\":[{\"@type\":\"ReadAction\",\"target\":[\"https:\\\/\\\/foodmetamorphosis.com\\\/es\\\/suscribete\\\/\"]}]},{\"@type\":\"BreadcrumbList\",\"@id\":\"https:\\\/\\\/foodmetamorphosis.com\\\/es\\\/suscribete\\\/#breadcrumb\",\"itemListElement\":[{\"@type\":\"ListItem\",\"position\":1,\"name\":\"Home\",\"item\":\"https:\\\/\\\/foodmetamorphosis.com\\\/es\\\/\"},{\"@type\":\"ListItem\",\"position\":2,\"name\":\"Suscribete\"}]},{\"@type\":\"WebSite\",\"@id\":\"https:\\\/\\\/foodmetamorphosis.com\\\/es\\\/#website\",\"url\":\"https:\\\/\\\/foodmetamorphosis.com\\\/es\\\/\",\"name\":\"Food Metamorphosis\",\"description\":\"Puerto Rican and Latin American Recipes- Food Metamorphosis\",\"publisher\":{\"@id\":\"https:\\\/\\\/foodmetamorphosis.com\\\/es\\\/#organization\"},\"potentialAction\":[{\"@type\":\"SearchAction\",\"target\":{\"@type\":\"EntryPoint\",\"urlTemplate\":\"https:\\\/\\\/foodmetamorphosis.com\\\/es\\\/?s={search_term_string}\"},\"query-input\":{\"@type\":\"PropertyValueSpecification\",\"valueRequired\":true,\"valueName\":\"search_term_string\"}}],\"inLanguage\":\"es\"},{\"@type\":\"Organization\",\"@id\":\"https:\\\/\\\/foodmetamorphosis.com\\\/es\\\/#organization\",\"name\":\"Foodmetamorphosis.com\",\"url\":\"https:\\\/\\\/foodmetamorphosis.com\\\/es\\\/\",\"logo\":{\"@type\":\"ImageObject\",\"inLanguage\":\"es\",\"@id\":\"https:\\\/\\\/foodmetamorphosis.com\\\/es\\\/#\\\/schema\\\/logo\\\/image\\\/\",\"url\":\"https:\\\/\\\/foodmetamorphosis.com\\\/wp-content\\\/uploads\\\/2022\\\/05\\\/organization-logo.jpg\",\"contentUrl\":\"https:\\\/\\\/foodmetamorphosis.com\\\/wp-content\\\/uploads\\\/2022\\\/05\\\/organization-logo.jpg\",\"width\":973,\"height\":973,\"caption\":\"Foodmetamorphosis.com\"},\"image\":{\"@id\":\"https:\\\/\\\/foodmetamorphosis.com\\\/es\\\/#\\\/schema\\\/logo\\\/image\\\/\"},\"sameAs\":[\"https:\\\/\\\/www.youtube.com\\\/@foodmetamorphosis\\\/featured\",\"https:\\\/\\\/www.instagram.com\\\/foodmetamorphosis\\\/\",\"https:\\\/\\\/www.pinterest.com\\\/foodmetamorphosis\\\/\"]}]}<\/script>\n<!-- \/ Yoast SEO plugin. -->","yoast_head_json":{"title":"Suscribete - Food Metamorphosis","description":"Unete a nuestra comunidad y suscribete hoy para recibir recetas y tips directos a tu email aqui en foodmetamorphosis.com.","robots":{"index":"index","follow":"follow","max-snippet":"max-snippet:-1","max-image-preview":"max-image-preview:large","max-video-preview":"max-video-preview:-1"},"canonical":"https:\/\/foodmetamorphosis.com\/es\/suscribete\/","twitter_card":"summary_large_image","twitter_title":"Suscribete - Food Metamorphosis","twitter_description":"Unete a nuestra comunidad y suscribete hoy para recibir recetas y tips directos a tu email aqui en foodmetamorphosis.com.","twitter_misc":{"Tiempo de lectura":"1 minuto"},"schema":{"@context":"https:\/\/schema.org","@graph":[{"@type":"WebPage","@id":"https:\/\/foodmetamorphosis.com\/es\/suscribete\/","url":"https:\/\/foodmetamorphosis.com\/es\/suscribete\/","name":"Suscribete - Food Metamorphosis","isPartOf":{"@id":"https:\/\/foodmetamorphosis.com\/es\/#website"},"datePublished":"2023-01-23T20:29:56+00:00","dateModified":"2024-06-18T15:58:23+00:00","description":"Unete a nuestra comunidad y suscribete hoy para recibir recetas y tips directos a tu email aqui en foodmetamorphosis.com.","breadcrumb":{"@id":"https:\/\/foodmetamorphosis.com\/es\/suscribete\/#breadcrumb"},"inLanguage":"es","potentialAction":[{"@type":"ReadAction","target":["https:\/\/foodmetamorphosis.com\/es\/suscribete\/"]}]},{"@type":"BreadcrumbList","@id":"https:\/\/foodmetamorphosis.com\/es\/suscribete\/#breadcrumb","itemListElement":[{"@type":"ListItem","position":1,"name":"Home","item":"https:\/\/foodmetamorphosis.com\/es\/"},{"@type":"ListItem","position":2,"name":"Suscribete"}]},{"@type":"WebSite","@id":"https:\/\/foodmetamorphosis.com\/es\/#website","url":"https:\/\/foodmetamorphosis.com\/es\/","name":"Food Metamorphosis","description":"Puerto Rican and Latin American Recipes- Food Metamorphosis","publisher":{"@id":"https:\/\/foodmetamorphosis.com\/es\/#organization"},"potentialAction":[{"@type":"SearchAction","target":{"@type":"EntryPoint","urlTemplate":"https:\/\/foodmetamorphosis.com\/es\/?s={search_term_string}"},"query-input":{"@type":"PropertyValueSpecification","valueRequired":true,"valueName":"search_term_string"}}],"inLanguage":"es"},{"@type":"Organization","@id":"https:\/\/foodmetamorphosis.com\/es\/#organization","name":"Foodmetamorphosis.com","url":"https:\/\/foodmetamorphosis.com\/es\/","logo":{"@type":"ImageObject","inLanguage":"es","@id":"https:\/\/foodmetamorphosis.com\/es\/#\/schema\/logo\/image\/","url":"https:\/\/foodmetamorphosis.com\/wp-content\/uploads\/2022\/05\/organization-logo.jpg","contentUrl":"https:\/\/foodmetamorphosis.com\/wp-content\/uploads\/2022\/05\/organization-logo.jpg","width":973,"height":973,"caption":"Foodmetamorphosis.com"},"image":{"@id":"https:\/\/foodmetamorphosis.com\/es\/#\/schema\/logo\/image\/"},"sameAs":["https:\/\/www.youtube.com\/@foodmetamorphosis\/featured","https:\/\/www.instagram.com\/foodmetamorphosis\/","https:\/\/www.pinterest.com\/foodmetamorphosis\/"]}]}},"_links":{"self":[{"href":"https:\/\/foodmetamorphosis.com\/es\/wp-json\/wp\/v2\/pages\/8297","targetHints":{"allow":["GET"]}}],"collection":[{"href":"https:\/\/foodmetamorphosis.com\/es\/wp-json\/wp\/v2\/pages"}],"about":[{"href":"https:\/\/foodmetamorphosis.com\/es\/wp-json\/wp\/v2\/types\/page"}],"author":[{"embeddable":true,"href":"https:\/\/foodmetamorphosis.com\/es\/wp-json\/wp\/v2\/users\/1"}],"replies":[{"embeddable":true,"href":"https:\/\/foodmetamorphosis.com\/es\/wp-json\/wp\/v2\/comments?post=8297"}],"version-history":[{"count":4,"href":"https:\/\/foodmetamorphosis.com\/es\/wp-json\/wp\/v2\/pages\/8297\/revisions"}],"predecessor-version":[{"id":19753,"href":"https:\/\/foodmetamorphosis.com\/es\/wp-json\/wp\/v2\/pages\/8297\/revisions\/19753"}],"wp:attachment":[{"href":"https:\/\/foodmetamorphosis.com\/es\/wp-json\/wp\/v2\/media?parent=8297"}],"wp:term":[{"taxonomy":"category","embeddable":true,"href":"https:\/\/foodmetamorphosis.com\/es\/wp-json\/wp\/v2\/categories?post=8297"},{"taxonomy":"post_tag","embeddable":true,"href":"https:\/\/foodmetamorphosis.com\/es\/wp-json\/wp\/v2\/tags?post=8297"}],"curies":[{"name":"wp","href":"https:\/\/api.w.org\/{rel}","templated":true}]}}